{"id":273,"date":"2025-10-27T17:48:48","date_gmt":"2025-10-27T17:48:48","guid":{"rendered":"https:\/\/smashing-kitchen.be\/index.php\/about\/"},"modified":"2025-10-29T19:07:24","modified_gmt":"2025-10-29T19:07:24","slug":"about","status":"publish","type":"page","link":"https:\/\/smashing-kitchen.be\/index.php\/about\/","title":{"rendered":"L&rsquo;esprit Smashing Kitchen"},"content":{"rendered":"\t\t<div data-elementor-type=\"wp-page\" data-elementor-id=\"273\" class=\"elementor elementor-273\">\n\t\t\t\t<div class=\"elementor-element elementor-element-59da1074 e-flex e-con-boxed e-con e-parent\" data-id=\"59da1074\" data-element_type=\"container\">\n\t\t\t\t\t<div class=\"e-con-inner\">\n\t\t<div class=\"elementor-element elementor-element-7d39ba6d e-con-full e-flex e-con e-child\" data-id=\"7d39ba6d\" data-element_type=\"container\">\n\t\t\t\t<div class=\"elementor-element elementor-element-1ae26499 animated-fast elementor-widget__width-inherit elementor-invisible elementor-widget elementor-widget-flex-hero\" data-id=\"1ae26499\" data-element_type=\"widget\" data-settings=\"{&quot;layout_preset&quot;:&quot;storytelling&quot;,&quot;primary_button_shape&quot;:&quot;round&quot;,&quot;_animation&quot;:&quot;fadeIn&quot;,&quot;_animation_delay&quot;:&quot;100&quot;,&quot;image_shape&quot;:&quot;sharp&quot;,&quot;box_shape&quot;:&quot;sharp&quot;}\" data-widget_type=\"flex-hero.default\">\n\t\t\t\t<div class=\"elementor-widget-container\">\n\t\t\t\t\t\t\t<div class=\"has-shape-sharp shape-type-box ehp-flex-hero has-layout-preset-storytelling\">\n\t\t\t\t\t\t<div class=\"ehp-flex-hero__overlay\"><\/div>\n\t\t\t<div class=\"ehp-flex-hero__content-container\">\n\t\t\t\t<p class=\"ehp-flex-hero__intro\">Mais qui a repris le clubhouse du Royal Smashing Club Nivellois ?<\/p><h2 class=\"ehp-flex-hero__heading\">3 nivellois pure souche!<\/h2>\t\t\t<div class=\"ehp-flex-hero__ctas-container\">\n\t\t\t\t\t\t\t\t\t\t\t<\/div>\n\t\t\t\t\t<\/div>\n\t\t\t\t<div class=\"ehp-flex-hero__image-wrapper\">\n\t\t\t\t<\/div>\n\t\t\t\t<\/div>\n\t\t\t\t\t\t<\/div>\n\t\t\t\t<\/div>\n\t\t\t\t<\/div>\n\t\t<div class=\"elementor-element elementor-element-67b90aff e-con-full e-flex e-con e-child\" data-id=\"67b90aff\" data-element_type=\"container\">\n\t\t\t\t<div class=\"elementor-element elementor-element-1bfcd8c3 elementor-widget elementor-widget-cta\" data-id=\"1bfcd8c3\" data-element_type=\"widget\" data-settings=\"{&quot;layout_preset&quot;:&quot;storytelling&quot;,&quot;primary_button_shape&quot;:&quot;round&quot;,&quot;content_alignment&quot;:&quot;center&quot;,&quot;content_alignment_tablet&quot;:&quot;center&quot;,&quot;content_alignment_mobile&quot;:&quot;center&quot;,&quot;image_shape&quot;:&quot;sharp&quot;,&quot;secondary_button_shape&quot;:&quot;default&quot;,&quot;cta_width&quot;:&quot;default&quot;,&quot;cta_position&quot;:&quot;default&quot;,&quot;box_shape&quot;:&quot;sharp&quot;}\" data-widget_type=\"cta.default\">\n\t\t\t\t<div class=\"elementor-widget-container\">\n\t\t\t\t\t\t\t<div class=\"has-shape-sharp shape-type-box ehp-cta has-preset-storytelling\">\n\t\t\t<div class=\"ehp-cta__overlay\"><\/div>\n\t\t\t<div class=\"ehp-cta__elements-container\">\n\t\t\t\t\t\t<div class=\"ehp-cta__text-container\">\n\t\t\t<h2 class=\"ehp-cta__heading\">Nathan ICLICKI, Laurent DEGEMBE et Olivier BUREAU<\/h2><p class=\"ehp-cta__description\">3 nivellois d\u00e9j\u00e0 bien implant\u00e9s \u00e0 Nivelles : (l'Auberge de Thines et La Bourse) ont eu envie de (re)donner vie \u00e0 cet endroit et d'en faire un endroit lifestyle ouvert \u00e0 tous. Leur objectif : faire du Samshing Kitchen l'endroit incontournable de Nivelles.  Et tout y est, club house convivial, cuisine faite maison, superbe terrasse et \u00e9v\u00e9nements \u00e0 th\u00e8me tout au long de l'ann\u00e9e. <br>Ici on passe un bon moment !<br>Eat . Play . Share<\/p>\t\t<\/div>\n\t\t\t\t\t<div class=\"ehp-cta__ctas-container has-cta-width-default\">\n\t\t\t\t<div class=\"ehp-cta__buttons-wrapper\">\n\t\t\t\t\t\t\t\t\t\t\t\t\t\t<\/div>\n\t\t\t<\/div>\n\t\t\t\t\t<\/div>\n\t\t<\/div>\n\t\t\t\t\t\t<\/div>\n\t\t\t\t<\/div>\n\t\t\t\t<\/div>\n\t\t<div class=\"elementor-element elementor-element-d03da49 e-con-full e-flex e-con e-child\" data-id=\"d03da49\" data-element_type=\"container\">\n\t\t\t\t<div class=\"elementor-element elementor-element-63ecfd43 elementor-widget elementor-widget-image\" data-id=\"63ecfd43\" data-element_type=\"widget\" data-widget_type=\"image.default\">\n\t\t\t\t\t\t\t\t\t\t\t\t\t\t\t<img fetchpriority=\"high\" decoding=\"async\" width=\"800\" height=\"533\" src=\"https:\/\/smashing-kitchen.be\/wp-content\/uploads\/2025\/10\/12136-1-1024x682.jpg\" class=\"attachment-large size-large wp-image-327\" alt=\"\" srcset=\"https:\/\/smashing-kitchen.be\/wp-content\/uploads\/2025\/10\/12136-1-1024x682.jpg 1024w, https:\/\/smashing-kitchen.be\/wp-content\/uploads\/2025\/10\/12136-1-300x200.jpg 300w, https:\/\/smashing-kitchen.be\/wp-content\/uploads\/2025\/10\/12136-1-768x512.jpg 768w, https:\/\/smashing-kitchen.be\/wp-content\/uploads\/2025\/10\/12136-1-1536x1023.jpg 1536w, https:\/\/smashing-kitchen.be\/wp-content\/uploads\/2025\/10\/12136-1.jpg 1801w\" sizes=\"(max-width: 800px) 100vw, 800px\" \/>\t\t\t\t\t\t\t\t\t\t\t\t\t\t\t<\/div>\n\t\t\t\t<\/div>\n\t\t<div class=\"elementor-element elementor-element-12ffff79 e-con-full elementor-hidden-mobile e-flex e-con e-child\" data-id=\"12ffff79\" data-element_type=\"container\">\n\t\t\t\t<\/div>\n\t\t\t\t\t<\/div>\n\t\t\t\t<\/div>\n\t\t<div class=\"elementor-element elementor-element-1044500d e-flex e-con-boxed e-con e-parent\" data-id=\"1044500d\" data-element_type=\"container\">\n\t\t\t\t\t<div class=\"e-con-inner\">\n\t\t\t\t<div class=\"elementor-element elementor-element-9ecb233 elementor-widget elementor-widget-heading\" data-id=\"9ecb233\" data-element_type=\"widget\" data-widget_type=\"heading.default\">\n\t\t\t\t\t<h2 class=\"elementor-heading-title elementor-size-default\">L\u2019esprit Smashing Kitchen<\/h2>\t\t\t\t<\/div>\n\t\t\t\t<div class=\"elementor-element elementor-element-604d2d16 elementor-widget__width-initial elementor-widget elementor-widget-text-editor\" data-id=\"604d2d16\" data-element_type=\"widget\" data-widget_type=\"text-editor.default\">\n\t\t\t\t\t\t\t\t\t<p data-start=\"425\" data-end=\"567\"><strong data-start=\"430\" data-end=\"450\">Au Smashing Kitchen<\/strong>, nous cultivons une atmosph\u00e8re conviviale et sinc\u00e8re, o\u00f9 le sport, la d\u00e9tente et l\u2019art de recevoir se rencontrent.<\/p><p data-start=\"574\" data-end=\"753\">Notre communication refl\u00e8te notre philosophie : <strong data-start=\"622\" data-end=\"674\">chaleureuse, simple et pleine d\u2019\u00e9nergie positive<\/strong>.<br data-start=\"675\" data-end=\"678\" \/>On parle vrai, sans chichi, comme autour d\u2019une bonne table entre amis.<\/p><p data-start=\"760\" data-end=\"889\">Nous voulons <strong data-start=\"773\" data-end=\"827\">r\u00e9unir les Nivellois (et bons vivants d\u2019ailleurs, bien entendu)<\/strong> autour de moments de partage, que l\u2019on soit sportif ou non.<\/p><p data-start=\"896\" data-end=\"1074\">Nous voulons que nos clients se sentent bien, pour un verre entre amis autour d\u2019une planche, un croque-monsieur \u00e0 14h, un lunch professionnel ou un repas convivial en famille.<\/p><p data-start=\"1081\" data-end=\"1266\">Nous proposons une <strong data-start=\"1100\" data-end=\"1139\">cuisine maison, vari\u00e9e et g\u00e9n\u00e9reuse<\/strong>, o\u00f9 chacun trouve son bonheur.<br data-start=\"1170\" data-end=\"1173\" \/>Les gens viennent chez nous <strong data-start=\"1203\" data-end=\"1218\">par plaisir<\/strong>, pour passer \u00e0 chaque fois <strong data-start=\"1246\" data-end=\"1263\">un bon moment<\/strong>.<\/p><p data-start=\"1273\" data-end=\"1402\">Nous organiserons \u00e9galement <strong data-start=\"1301\" data-end=\"1352\">des \u00e9v\u00e9nements pour ajouter du fun et de la vie<\/strong> : afterworks, soir\u00e9es \u00e0 th\u00e8me, moments festifs\u2026<\/p><p data-start=\"1409\" data-end=\"1484\">En \u00e9t\u00e9, <strong data-start=\"1417\" data-end=\"1456\">la terrasse avec vue sur la Dodaine<\/strong> est notre meilleur atout.<\/p><p data-start=\"1491\" data-end=\"1617\">Au Smashing Kitchen, on ne vient pas qu\u2019apr\u00e8s une partie de tennis ou de padel :<br data-start=\"1571\" data-end=\"1574\" \/><strong data-start=\"1576\" data-end=\"1615\">on vient parce qu\u2019on s\u2019y sent bien.<\/strong><\/p><p data-start=\"1624\" data-end=\"1769\">L\u2019esprit Smashing Kitchen, c\u2019est un m\u00e9lange de <strong data-start=\"1671\" data-end=\"1723\">bonne humeur, authenticit\u00e9 et bonne ambiance naturelle,<\/strong>\u00a0une invitation \u00e0 vivre, manger et partager.<\/p><p data-start=\"1624\" data-end=\"1769\">Un lieu ouvert \u00e0 tous, entre sport, convivialit\u00e9 et plaisir de la table.<\/p>\t\t\t\t\t\t\t\t<\/div>\n\t\t\t\t\t<\/div>\n\t\t\t\t<\/div>\n\t\t\t\t<\/div>\n\t\t","protected":false},"excerpt":{"rendered":"<p>Mais qui a repris le clubhouse du Royal Smashing Club Nivellois ? 3 nivellois pure souche! Nathan ICLICKI, Laurent DEGEMBE et Olivier BUREAU 3 nivellois d\u00e9j\u00e0 bien implant\u00e9s \u00e0 Nivelles : (l&rsquo;Auberge de Thines et La Bourse) ont eu envie de (re)donner vie \u00e0 cet endroit et d&rsquo;en faire un endroit lifestyle ouvert \u00e0 tous. [&hellip;]<\/p>\n","protected":false},"author":1,"featured_media":0,"parent":0,"menu_order":0,"comment_status":"closed","ping_status":"closed","template":"elementor_header_footer","meta":{"footnotes":""},"class_list":["post-273","page","type-page","status-publish","hentry"],"_links":{"self":[{"href":"https:\/\/smashing-kitchen.be\/index.php\/wp-json\/wp\/v2\/pages\/273","targetHints":{"allow":["GET"]}}],"collection":[{"href":"https:\/\/smashing-kitchen.be\/index.php\/wp-json\/wp\/v2\/pages"}],"about":[{"href":"https:\/\/smashing-kitchen.be\/index.php\/wp-json\/wp\/v2\/types\/page"}],"author":[{"embeddable":true,"href":"https:\/\/smashing-kitchen.be\/index.php\/wp-json\/wp\/v2\/users\/1"}],"replies":[{"embeddable":true,"href":"https:\/\/smashing-kitchen.be\/index.php\/wp-json\/wp\/v2\/comments?post=273"}],"version-history":[{"count":13,"href":"https:\/\/smashing-kitchen.be\/index.php\/wp-json\/wp\/v2\/pages\/273\/revisions"}],"predecessor-version":[{"id":374,"href":"https:\/\/smashing-kitchen.be\/index.php\/wp-json\/wp\/v2\/pages\/273\/revisions\/374"}],"wp:attachment":[{"href":"https:\/\/smashing-kitchen.be\/index.php\/wp-json\/wp\/v2\/media?parent=273"}],"curies":[{"name":"wp","href":"https:\/\/api.w.org\/{rel}","templated":true}]}}