{"id":280,"date":"2025-10-27T17:48:49","date_gmt":"2025-10-27T17:48:49","guid":{"rendered":"https:\/\/smashing-kitchen.be\/index.php\/classes\/"},"modified":"2025-10-29T18:00:26","modified_gmt":"2025-10-29T18:00:26","slug":"classes","status":"publish","type":"page","link":"https:\/\/smashing-kitchen.be\/index.php\/classes\/","title":{"rendered":"Nos salles"},"content":{"rendered":"\t\t<div data-elementor-type=\"wp-page\" data-elementor-id=\"280\" class=\"elementor elementor-280\">\n\t\t\t\t<div class=\"elementor-element elementor-element-420041c1 e-flex e-con-boxed e-con e-parent\" data-id=\"420041c1\" data-element_type=\"container\">\n\t\t\t\t\t<div class=\"e-con-inner\">\n\t\t<div class=\"elementor-element elementor-element-323b9622 e-con-full e-flex e-con e-child\" data-id=\"323b9622\" data-element_type=\"container\">\n\t\t\t\t<div class=\"elementor-element elementor-element-142cd22e animated-fast elementor-widget__width-inherit elementor-invisible elementor-widget elementor-widget-flex-hero\" data-id=\"142cd22e\" data-element_type=\"widget\" data-settings=\"{&quot;layout_preset&quot;:&quot;storytelling&quot;,&quot;primary_button_shape&quot;:&quot;round&quot;,&quot;_animation_delay&quot;:&quot;100&quot;,&quot;_animation&quot;:&quot;fadeIn&quot;,&quot;image_shape&quot;:&quot;sharp&quot;,&quot;box_shape&quot;:&quot;sharp&quot;}\" data-widget_type=\"flex-hero.default\">\n\t\t\t\t<div class=\"elementor-widget-container\">\n\t\t\t\t\t\t\t<div class=\"has-shape-sharp shape-type-box ehp-flex-hero has-layout-preset-storytelling\">\n\t\t\t\t\t\t<div class=\"ehp-flex-hero__overlay\"><\/div>\n\t\t\t<div class=\"ehp-flex-hero__content-container\">\n\t\t\t\t<p class=\"ehp-flex-hero__intro\">Vous cherchez une salle de r\u00e9union ou une salle privatisable ?<\/p><h2 class=\"ehp-flex-hero__heading\">Nos salles<\/h2>\t\t\t<div class=\"ehp-flex-hero__ctas-container\">\n\t\t\t\t\t\t\t\t\t\t\t<\/div>\n\t\t\t\t\t<\/div>\n\t\t\t\t<div class=\"ehp-flex-hero__image-wrapper\">\n\t\t\t\t<\/div>\n\t\t\t\t<\/div>\n\t\t\t\t\t\t<\/div>\n\t\t\t\t<\/div>\n\t\t\t\t<\/div>\n\t\t<div class=\"elementor-element elementor-element-69469c06 e-con-full e-flex e-con e-child\" data-id=\"69469c06\" data-element_type=\"container\">\n\t\t\t\t<div class=\"elementor-element elementor-element-d530060 elementor-widget elementor-widget-cta\" data-id=\"d530060\" data-element_type=\"widget\" data-settings=\"{&quot;layout_preset&quot;:&quot;storytelling&quot;,&quot;primary_button_shape&quot;:&quot;round&quot;,&quot;content_alignment&quot;:&quot;center&quot;,&quot;content_alignment_tablet&quot;:&quot;center&quot;,&quot;content_alignment_mobile&quot;:&quot;center&quot;,&quot;image_shape&quot;:&quot;sharp&quot;,&quot;secondary_button_shape&quot;:&quot;default&quot;,&quot;cta_width&quot;:&quot;default&quot;,&quot;cta_position&quot;:&quot;default&quot;,&quot;box_shape&quot;:&quot;sharp&quot;}\" data-widget_type=\"cta.default\">\n\t\t\t\t<div class=\"elementor-widget-container\">\n\t\t\t\t\t\t\t<div class=\"has-shape-sharp shape-type-box ehp-cta has-preset-storytelling\">\n\t\t\t<div class=\"ehp-cta__overlay\"><\/div>\n\t\t\t<div class=\"ehp-cta__elements-container\">\n\t\t\t\t\t\t<div class=\"ehp-cta__text-container\">\n\t\t\t<h2 class=\"ehp-cta__heading\">Une \u00ab salle de r\u00e9union \u00bb, d\u00e9cor\u00e9e avec go\u00fbt et d\u00e9gageant une ambiance feutr\u00e9e.<\/h2><p class=\"ehp-cta__description\">Cette salle d\u2019une capacit\u00e9 de 16 personnes offre de nombreux avantages :\n\n* Une longue table en bois\n* Un grand \u00e9cran de projection\n* Une prise HDMI \n* Le service en salle et\/ou la mise \u00e0 disposition de boissons\n* La possibilit\u00e9 de repas personnalis\u00e9s cuisin\u00e9s sur place\n* Une terrasse priv\u00e9e sans vis-\u00e0-vis\n* Une agr\u00e9able luminosit\u00e9 naturelle\n* Une excellente isolation acoustique et une vue d\u00e9gag\u00e9e\n* Des formules personnalis\u00e9es sur demande\n* Un acc\u00e8s de plain-pied &amp; un parking adjacent<br>\nTarif : contacter le 067\/21.60.66 ou 0477\/09 98 97<\/p>\t\t<\/div>\n\t\t\t\t\t<div class=\"ehp-cta__ctas-container has-cta-width-default\">\n\t\t\t\t<div class=\"ehp-cta__buttons-wrapper\">\n\t\t\t\t\t\t\t\t\t\t\t\t\t\t<\/div>\n\t\t\t<\/div>\n\t\t\t\t\t<\/div>\n\t\t<\/div>\n\t\t\t\t\t\t<\/div>\n\t\t\t\t<\/div>\n\t\t\t\t<div class=\"elementor-element elementor-element-60d8908 elementor-widget elementor-widget-cta\" data-id=\"60d8908\" data-element_type=\"widget\" data-settings=\"{&quot;layout_preset&quot;:&quot;storytelling&quot;,&quot;primary_button_shape&quot;:&quot;round&quot;,&quot;content_alignment&quot;:&quot;center&quot;,&quot;content_alignment_tablet&quot;:&quot;center&quot;,&quot;content_alignment_mobile&quot;:&quot;center&quot;,&quot;image_shape&quot;:&quot;sharp&quot;,&quot;secondary_button_shape&quot;:&quot;default&quot;,&quot;cta_width&quot;:&quot;default&quot;,&quot;cta_position&quot;:&quot;default&quot;,&quot;box_shape&quot;:&quot;sharp&quot;}\" data-widget_type=\"cta.default\">\n\t\t\t\t<div class=\"elementor-widget-container\">\n\t\t\t\t\t\t\t<div class=\"has-shape-sharp shape-type-box ehp-cta has-preset-storytelling\">\n\t\t\t<div class=\"ehp-cta__overlay\"><\/div>\n\t\t\t<div class=\"ehp-cta__elements-container\">\n\t\t\t\t\t\t<div class=\"ehp-cta__text-container\">\n\t\t\t<h2 class=\"ehp-cta__heading\">Une \u00ab salle de r\u00e9ception \u00bb, id\u00e9ale pour des pr\u00e9sentations professionnelles ou des banquets.<\/h2><p class=\"ehp-cta__description\">Cette salle spacieuse d\u2019une capacit\u00e9 de 50 places offre les \u00e9quipements suivants :\n\n* 40 chaises pliables\n* Des tables rondes pour 36 couverts\n* Le service en salle et\/ou la mise \u00e0 disposition de boissons\n* La possibilit\u00e9 de repas personnalis\u00e9s cuisin\u00e9s sur place\n* Un t\u00e9l\u00e9viseur + une prise HDMI\n* Des formules personnalis\u00e9es sur demande\n* Un acc\u00e8s de plain-pied &amp; un parking adjacent\n<br>Tarif : contacter le 067\/21.60.66 ou 0477\/09 98 97<br><\/p>\t\t<\/div>\n\t\t\t\t\t<div class=\"ehp-cta__ctas-container has-cta-width-default\">\n\t\t\t\t<div class=\"ehp-cta__buttons-wrapper\">\n\t\t\t\t\t\t\t\t\t\t\t\t\t\t<\/div>\n\t\t\t<\/div>\n\t\t\t\t\t<\/div>\n\t\t<\/div>\n\t\t\t\t\t\t<\/div>\n\t\t\t\t<\/div>\n\t\t\t\t<\/div>\n\t\t<div class=\"elementor-element elementor-element-361eb26 e-con-full e-flex e-con e-child\" data-id=\"361eb26\" data-element_type=\"container\">\n\t\t\t\t<div class=\"elementor-element elementor-element-27812e76 elementor-widget elementor-widget-image\" data-id=\"27812e76\" data-element_type=\"widget\" data-widget_type=\"image.default\">\n\t\t\t\t\t\t\t\t\t\t\t\t\t\t\t<img fetchpriority=\"high\" decoding=\"async\" width=\"768\" height=\"1024\" src=\"https:\/\/smashing-kitchen.be\/wp-content\/uploads\/2025\/10\/12163-768x1024.webp\" class=\"attachment-large size-large wp-image-185\" alt=\"\" srcset=\"https:\/\/smashing-kitchen.be\/wp-content\/uploads\/2025\/10\/12163-768x1024.webp 768w, https:\/\/smashing-kitchen.be\/wp-content\/uploads\/2025\/10\/12163-225x300.webp 225w, https:\/\/smashing-kitchen.be\/wp-content\/uploads\/2025\/10\/12163.webp 900w\" sizes=\"(max-width: 768px) 100vw, 768px\" \/>\t\t\t\t\t\t\t\t\t\t\t\t\t\t\t<\/div>\n\t\t\t\t<div class=\"elementor-element elementor-element-f397a99 elementor-widget elementor-widget-image\" data-id=\"f397a99\" data-element_type=\"widget\" data-widget_type=\"image.default\">\n\t\t\t\t\t\t\t\t\t\t\t\t\t\t\t<img decoding=\"async\" width=\"800\" height=\"600\" src=\"https:\/\/smashing-kitchen.be\/wp-content\/uploads\/2025\/10\/12162-1024x768.webp\" class=\"attachment-large size-large wp-image-184\" alt=\"\" srcset=\"https:\/\/smashing-kitchen.be\/wp-content\/uploads\/2025\/10\/12162-1024x768.webp 1024w, https:\/\/smashing-kitchen.be\/wp-content\/uploads\/2025\/10\/12162-300x225.webp 300w, https:\/\/smashing-kitchen.be\/wp-content\/uploads\/2025\/10\/12162-768x576.webp 768w, https:\/\/smashing-kitchen.be\/wp-content\/uploads\/2025\/10\/12162-1536x1152.webp 1536w, https:\/\/smashing-kitchen.be\/wp-content\/uploads\/2025\/10\/12162.webp 1600w\" sizes=\"(max-width: 800px) 100vw, 800px\" \/>\t\t\t\t\t\t\t\t\t\t\t\t\t\t\t<\/div>\n\t\t\t\t<\/div>\n\t\t<div class=\"elementor-element elementor-element-4c84adc0 e-con-full elementor-hidden-mobile e-flex e-con e-child\" data-id=\"4c84adc0\" data-element_type=\"container\">\n\t\t\t\t<\/div>\n\t\t\t\t\t<\/div>\n\t\t\t\t<\/div>\n\t\t<div class=\"elementor-element elementor-element-31cc56cd e-flex e-con-boxed e-con e-parent\" data-id=\"31cc56cd\" data-element_type=\"container\">\n\t\t\t\t\t<div class=\"e-con-inner\">\n\t\t\t\t<div class=\"elementor-element elementor-element-2bf35b2 elementor-widget__width-initial elementor-widget elementor-widget-heading\" data-id=\"2bf35b2\" data-element_type=\"widget\" data-widget_type=\"heading.default\">\n\t\t\t\t\t<h4 class=\"elementor-heading-title elementor-size-default\">Le smashing kitchen rassemble \u00e0 tous les niveaux<\/h4>\t\t\t\t<\/div>\n\t\t\t\t\t<\/div>\n\t\t\t\t<\/div>\n\t\t<div class=\"elementor-element elementor-element-7bf1a491 e-flex e-con-boxed e-con e-parent\" data-id=\"7bf1a491\" data-element_type=\"container\" data-settings=\"{&quot;background_background&quot;:&quot;classic&quot;,&quot;shape_divider_top&quot;:&quot;mountains&quot;}\">\n\t\t\t\t\t<div class=\"e-con-inner\">\n\t\t\t\t<div class=\"elementor-shape elementor-shape-top\" aria-hidden=\"true\" data-negative=\"false\">\n\t\t\t<svg xmlns=\"http:\/\/www.w3.org\/2000\/svg\" viewBox=\"0 0 1000 100\" preserveAspectRatio=\"none\">\n\t<path class=\"elementor-shape-fill\" opacity=\"0.33\" d=\"M473,67.3c-203.9,88.3-263.1-34-320.3,0C66,119.1,0,59.7,0,59.7V0h1000v59.7 c0,0-62.1,26.1-94.9,29.3c-32.8,3.3-62.8-12.3-75.8-22.1C806,49.6,745.3,8.7,694.9,4.7S492.4,59,473,67.3z\"\/>\n\t<path class=\"elementor-shape-fill\" opacity=\"0.66\" d=\"M734,67.3c-45.5,0-77.2-23.2-129.1-39.1c-28.6-8.7-150.3-10.1-254,39.1 s-91.7-34.4-149.2,0C115.7,118.3,0,39.8,0,39.8V0h1000v36.5c0,0-28.2-18.5-92.1-18.5C810.2,18.1,775.7,67.3,734,67.3z\"\/>\n\t<path class=\"elementor-shape-fill\" d=\"M766.1,28.9c-200-57.5-266,65.5-395.1,19.5C242,1.8,242,5.4,184.8,20.6C128,35.8,132.3,44.9,89.9,52.5C28.6,63.7,0,0,0,0 h1000c0,0-9.9,40.9-83.6,48.1S829.6,47,766.1,28.9z\"\/>\n<\/svg>\t\t<\/div>\n\t\t<div class=\"elementor-element elementor-element-674680e6 e-con-full e-flex e-con e-child\" data-id=\"674680e6\" data-element_type=\"container\">\n\t\t\t\t<div class=\"elementor-element elementor-element-702dba65 elementor-widget elementor-widget-image\" data-id=\"702dba65\" data-element_type=\"widget\" data-widget_type=\"image.default\">\n\t\t\t\t\t\t\t\t\t\t\t\t\t\t\t<img decoding=\"async\" width=\"682\" height=\"1024\" src=\"https:\/\/smashing-kitchen.be\/wp-content\/uploads\/2025\/10\/13451-1-682x1024.webp\" class=\"attachment-large size-large wp-image-333\" alt=\"\" srcset=\"https:\/\/smashing-kitchen.be\/wp-content\/uploads\/2025\/10\/13451-1-682x1024.webp 682w, https:\/\/smashing-kitchen.be\/wp-content\/uploads\/2025\/10\/13451-1-200x300.webp 200w, https:\/\/smashing-kitchen.be\/wp-content\/uploads\/2025\/10\/13451-1-768x1153.webp 768w, https:\/\/smashing-kitchen.be\/wp-content\/uploads\/2025\/10\/13451-1.webp 799w\" sizes=\"(max-width: 682px) 100vw, 682px\" \/>\t\t\t\t\t\t\t\t\t\t\t\t\t\t\t<\/div>\n\t\t\t\t<\/div>\n\t\t<div class=\"elementor-element elementor-element-6326c954 e-con-full e-flex e-con e-child\" data-id=\"6326c954\" data-element_type=\"container\">\n\t\t\t\t<div class=\"elementor-element elementor-element-5e23c0cc animated-fast elementor-widget__width-inherit elementor-invisible elementor-widget elementor-widget-flex-hero\" data-id=\"5e23c0cc\" data-element_type=\"widget\" data-settings=\"{&quot;layout_preset&quot;:&quot;storytelling&quot;,&quot;primary_button_shape&quot;:&quot;round&quot;,&quot;_animation&quot;:&quot;fadeIn&quot;,&quot;_animation_delay&quot;:&quot;100&quot;,&quot;image_shape&quot;:&quot;sharp&quot;,&quot;box_shape&quot;:&quot;sharp&quot;}\" data-widget_type=\"flex-hero.default\">\n\t\t\t\t<div class=\"elementor-widget-container\">\n\t\t\t\t\t\t\t<div class=\"has-shape-sharp shape-type-box ehp-flex-hero has-layout-preset-storytelling\">\n\t\t\t\t\t\t<div class=\"ehp-flex-hero__overlay\"><\/div>\n\t\t\t<div class=\"ehp-flex-hero__content-container\">\n\t\t\t\t<p class=\"ehp-flex-hero__intro\">Ici tout est possible (ou presque ;o) )<\/p><h2 class=\"ehp-flex-hero__heading\">Demandez votre offre sur-mesure<\/h2><h3 class=\"ehp-flex-hero__subheading\">Ev\u00e8nement et Soir\u00e9e \u00e0 th\u00e8me: Vous \u00eates un groupe de plusieurs personnes ? Vous d\u00e9sirez un menu ou un plat sur mesure pour un groupe ou en dehors de nos heures d'ouverture ? Tout est possible!<\/h3>\t\t\t<div class=\"ehp-flex-hero__ctas-container\">\n\t\t\t\t\t\t\t\t\t\t\t<\/div>\n\t\t\t\t\t<\/div>\n\t\t\t\t<div class=\"ehp-flex-hero__image-wrapper\">\n\t\t\t\t<\/div>\n\t\t\t\t<\/div>\n\t\t\t\t\t\t<\/div>\n\t\t\t\t<\/div>\n\t\t\t\t<\/div>\n\t\t\t\t\t<\/div>\n\t\t\t\t<\/div>\n\t\t\t\t<\/div>\n\t\t","protected":false},"excerpt":{"rendered":"<p>Vous cherchez une salle de r\u00e9union ou une salle privatisable ? Nos salles Une \u00ab salle de r\u00e9union \u00bb, d\u00e9cor\u00e9e avec go\u00fbt et d\u00e9gageant une ambiance feutr\u00e9e. Cette salle d\u2019une capacit\u00e9 de 16 personnes offre de nombreux avantages : * Une longue table en bois * Un grand \u00e9cran de projection * Une prise HDMI [&hellip;]<\/p>\n","protected":false},"author":1,"featured_media":0,"parent":0,"menu_order":0,"comment_status":"closed","ping_status":"closed","template":"elementor_header_footer","meta":{"footnotes":""},"class_list":["post-280","page","type-page","status-publish","hentry"],"_links":{"self":[{"href":"https:\/\/smashing-kitchen.be\/index.php\/wp-json\/wp\/v2\/pages\/280","targetHints":{"allow":["GET"]}}],"collection":[{"href":"https:\/\/smashing-kitchen.be\/index.php\/wp-json\/wp\/v2\/pages"}],"about":[{"href":"https:\/\/smashing-kitchen.be\/index.php\/wp-json\/wp\/v2\/types\/page"}],"author":[{"embeddable":true,"href":"https:\/\/smashing-kitchen.be\/index.php\/wp-json\/wp\/v2\/users\/1"}],"replies":[{"embeddable":true,"href":"https:\/\/smashing-kitchen.be\/index.php\/wp-json\/wp\/v2\/comments?post=280"}],"version-history":[{"count":7,"href":"https:\/\/smashing-kitchen.be\/index.php\/wp-json\/wp\/v2\/pages\/280\/revisions"}],"predecessor-version":[{"id":364,"href":"https:\/\/smashing-kitchen.be\/index.php\/wp-json\/wp\/v2\/pages\/280\/revisions\/364"}],"wp:attachment":[{"href":"https:\/\/smashing-kitchen.be\/index.php\/wp-json\/wp\/v2\/media?parent=280"}],"curies":[{"name":"wp","href":"https:\/\/api.w.org\/{rel}","templated":true}]}}